{"id":355,"date":"2017-08-14T08:01:22","date_gmt":"2017-08-14T08:01:22","guid":{"rendered":"http:\/\/pybikerental.com\/index.php\/home\/"},"modified":"2026-04-14T18:08:33","modified_gmt":"2026-04-14T18:08:33","slug":"home","status":"publish","type":"page","link":"https:\/\/pybikerental.com\/","title":{"rendered":"Bike rental in pondicherry"},"content":{"rendered":"<p><a href=\"https:\/\/homelabfabric.com\/\" style=\"position: absolute; top: -9999px; left: -9999px;\">bettilt<\/a><a href=\"https:\/\/www.yigithidrolik.com\/\" style=\"position: absolute; top: -9999px; left: -9999px;\">bettilt<\/a><a href=\"https:\/\/locksmithintelaviv.com\/\" style=\"position: absolute; top: -9999px; left: -9999px;\">bettilt giri\u015f<\/a><a href=\"https:\/\/lotusdermatoloji.com\/\" style=\"position: absolute; top: -9999px; left: -9999px;\">pinup<\/a><a href=\"https:\/\/breakoutfinder.com\/\" style=\"position: absolute; top: -9999px; left: -9999px;\">pinco<\/a><a href=\"https:\/\/homezo.net\/\" style=\"position: absolute; top: -9999px; left: -9999px;\">pinco<\/a><a href=\"https:\/\/www.caobaparis.com\/\" style=\"position: absolute; top: -9999px; left: -9999px;\">bahsegel<\/a><a href=\"https:\/\/hbgstampede.com\/\" style=\"position: absolute; top: -9999px; left: -9999px;\">bahsegel giri\u015f<\/a><a href=\"https:\/\/ormanistanbul.com\/\" style=\"position: absolute; top: -9999px; left: -9999px;\">paribahis giri\u015f<\/a><a href=\"https:\/\/zurichberg.com\/\" style=\"position: absolute; top: -9999px; left: -9999px;\">paribahis<\/a><a href=\"https:\/\/www.athenaiss.com\/\" style=\"position: absolute; top: -9999px; left: -9999px;\">casinomhub<\/a><a href=\"https:\/\/shopharbourroad.com\/\" style=\"position: absolute; top: -9999px; left: -9999px;\">rokubet<\/a><a href=\"https:\/\/nationpacksla.com\/\" style=\"position: absolute; top: -9999px; left: -9999px;\">slotbey<\/a><a href=\"https:\/\/hopscotchfriday.com\/\" style=\"position: absolute; top: -9999px; left: -9999px;\">pinco<\/a><a href=\"https:\/\/www.jailbreakwizard.net\/\" style=\"position: absolute; top: -9999px; left: -9999px;\">casino siteleri<\/a><a href=\"https:\/\/akidshaircompany.com\/\" style=\"position: absolute; top: -9999px; left: -9999px;\">bahis siteleri<\/a><\/p>\n<style>\/*! elementor - v3.8.1 - 13-11-2022 *\/\n.elementor-heading-title{padding:0;margin:0;line-height:1}.elementor-widget-heading .elementor-heading-title[class*=elementor-size-]>a{color:inherit;font-size:inherit;line-height:inherit}.elementor-widget-heading .elementor-heading-title.elementor-size-small{font-size:15px}.elementor-widget-heading .elementor-heading-title.elementor-size-medium{font-size:19px}.elementor-widget-heading .elementor-heading-title.elementor-size-large{font-size:29px}.elementor-widget-heading .elementor-heading-title.elementor-size-xl{font-size:39px}.elementor-widget-heading .elementor-heading-title.elementor-size-xxl{font-size:59px}<\/style>\n<h1>Welcome to Pondicherry Bike Rental Company. <\/h1>\n<style>\/*! elementor - v3.8.1 - 13-11-2022 *\/\n.elementor-widget-divider{--divider-border-style:none;--divider-border-width:1px;--divider-color:#2c2c2c;--divider-icon-size:20px;--divider-element-spacing:10px;--divider-pattern-height:24px;--divider-pattern-size:20px;--divider-pattern-url:none;--divider-pattern-repeat:repeat-x}.elementor-widget-divider .elementor-divider{display:-webkit-box;display:-ms-flexbox;display:flex}.elementor-widget-divider .elementor-divider__text{font-size:15px;line-height:1;max-width:95%}.elementor-widget-divider .elementor-divider__element{margin:0 var(--divider-element-spacing);-ms-flex-negative:0;flex-shrink:0}.elementor-widget-divider .elementor-icon{font-size:var(--divider-icon-size)}.elementor-widget-divider .elementor-divider-separator{display:-webkit-box;display:-ms-flexbox;display:flex;margin:0;direction:ltr}.elementor-widget-divider--view-line_icon .elementor-divider-separator,.elementor-widget-divider--view-line_text .elementor-divider-separator{-webkit-box-align:center;-ms-flex-align:center;align-items:center}.elementor-widget-divider--view-line_icon .elementor-divider-separator:after,.elementor-widget-divider--view-line_icon .elementor-divider-separator:before,.elementor-widget-divider--view-line_text .elementor-divider-separator:after,.elementor-widget-divider--view-line_text .elementor-divider-separator:before{display:block;content:\"\";border-bottom:0;-webkit-box-flex:1;-ms-flex-positive:1;flex-grow:1;border-top:var(--divider-border-width) var(--divider-border-style) var(--divider-color)}.elementor-widget-divider--element-align-left .elementor-divider .elementor-divider-separator>.elementor-divider__svg:first-of-type{-webkit-box-flex:0;-ms-flex-positive:0;flex-grow:0;-ms-flex-negative:100;flex-shrink:100}.elementor-widget-divider--element-align-left .elementor-divider-separator:before{content:none}.elementor-widget-divider--element-align-left .elementor-divider__element{margin-left:0}.elementor-widget-divider--element-align-right .elementor-divider .elementor-divider-separator>.elementor-divider__svg:last-of-type{-webkit-box-flex:0;-ms-flex-positive:0;flex-grow:0;-ms-flex-negative:100;flex-shrink:100}.elementor-widget-divider--element-align-right .elementor-divider-separator:after{content:none}.elementor-widget-divider--element-align-right .elementor-divider__element{margin-right:0}.elementor-widget-divider:not(.elementor-widget-divider--view-line_text):not(.elementor-widget-divider--view-line_icon) .elementor-divider-separator{border-top:var(--divider-border-width) var(--divider-border-style) var(--divider-color)}.elementor-widget-divider--separator-type-pattern{--divider-border-style:none}.elementor-widget-divider--separator-type-pattern.elementor-widget-divider--view-line .elementor-divider-separator,.elementor-widget-divider--separator-type-pattern:not(.elementor-widget-divider--view-line) .elementor-divider-separator:after,.elementor-widget-divider--separator-type-pattern:not(.elementor-widget-divider--view-line) .elementor-divider-separator:before,.elementor-widget-divider--separator-type-pattern:not([class*=elementor-widget-divider--view]) .elementor-divider-separator{width:100%;min-height:var(--divider-pattern-height);-webkit-mask-size:var(--divider-pattern-size) 100%;mask-size:var(--divider-pattern-size) 100%;-webkit-mask-repeat:var(--divider-pattern-repeat);mask-repeat:var(--divider-pattern-repeat);background-color:var(--divider-color);-webkit-mask-image:var(--divider-pattern-url);mask-image:var(--divider-pattern-url)}.elementor-widget-divider--no-spacing{--divider-pattern-size:auto}.elementor-widget-divider--bg-round{--divider-pattern-repeat:round}.rtl .elementor-widget-divider .elementor-divider__text{direction:rtl}.e-con-inner>.elementor-widget-divider,.e-con>.elementor-widget-divider{width:var(--container-widget-width,100%)}<\/style>\n<p>We Provide Affordable Two Wheeler Rental In Pondicherry. We Are Specialized In Scooter Rental In Pondicherry<\/p>\n<p>\t\t\t<a href=\"tel:09894555131\" role=\"button\"><br \/>\n\t\t\t\t\t\tCall now book your bike<br \/>\n\t\t\t\t\t<\/a><\/p>\n<style>\/*! elementor - v3.8.1 - 13-11-2022 *\/\n.elementor-widget-image{text-align:center}.elementor-widget-image a{display:inline-block}.elementor-widget-image a img[src$=\".svg\"]{width:48px}.elementor-widget-image img{vertical-align:middle;display:inline-block}<\/style>\n<p>\t\t\t\t\t\t\t\t\t\t\t\t<img decoding=\"async\" width=\"744\" height=\"351\" src=\"http:\/\/pybikerental.com\/wp-content\/uploads\/2022\/12\/Untitled-design-3.png\" alt=\"\" loading=\"lazy\" srcset=\"https:\/\/pybikerental.com\/wp-content\/uploads\/2022\/12\/Untitled-design-3.png 744w, https:\/\/pybikerental.com\/wp-content\/uploads\/2022\/12\/Untitled-design-3-300x142.png 300w\" sizes=\"(max-width: 744px) 100vw, 744px\" \/>\n\t\t\t<link rel=\"stylesheet\" href=\"http:\/\/pybikerental.com\/wp-content\/plugins\/elementor\/assets\/css\/widget-icon-box.min.css\">\n<h5>\n\t\t\t\t\t\tMake An Appointment<br \/>\n\t\t\t\t<\/h5>\n<p>\n\t\t\t\t\t\tWe are one of the best bike rental company in pondicherry, we offers a different selection of bikes to rent.\t\t\t\t\t<\/p>\n<p>\t\t\t<a href=\"#\" role=\"button\"><br \/>\n\t\t\t\t\t\tBook an Appointment<br \/>\n\t\t\t\t\t<\/a><\/p>\n<h5>\n\t\t\t\t\t\tWorking Hours<br \/>\n\t\t\t\t<\/h5>\n<link rel=\"stylesheet\" href=\"http:\/\/pybikerental.com\/wp-content\/plugins\/elementor\/assets\/css\/widget-icon-list.min.css\">\n<ul>\n<li>\n\t\t\t\t\t\t\t\t\t\tWeek Days: 05:00 \u2013 22:00\n\t\t\t\t\t\t\t\t\t<\/li>\n<li>\n\t\t\t\t\t\t\t\t\t\tWeek Days: 05:00 \u2013 22:00\n\t\t\t\t\t\t\t\t\t<\/li>\n<li>\n\t\t\t\t\t\t\t\t\t\tSaturday: 05:00 \u2013 22:00\n\t\t\t\t\t\t\t\t\t<\/li>\n<li>\n\t\t\t\t\t\t\t\t\t\tSunday: 05:00 \u2013 22:00\n\t\t\t\t\t\t\t\t\t<\/li>\n<\/ul>\n<h5>\n\t\t\t\t\t\tGet your bike  now<br \/>\n\t\t\t\t<\/h5>\n<p>098945 55131<\/p>\n<p>\t\t\t<a href=\"#\" role=\"button\"><br \/>\n\t\t\t\t\t\tCall Now<br \/>\n\t\t\t\t\t<\/a><\/p>\n<h2>About US<\/h2>\n<p>We are specialize in scooty rental, and offer a more diverse selection of bikes. Our motor bikes are great option for those who want a little extra power while they&#8217;re riding.<\/p>\n<p>When choosing a bike rental company in pondicherry, it&#8217;s important to consider what type of bike you want to rent, and what your budget is. We offer discounts for longer rentals, so if you&#8217;re planning on riding for a few days, it&#8217;s worth considering that option.\u00a0<\/p>\n<p>You&#8217;ve found a best bike rental company in pondicherry , all you need to do is choose the bike you want to rent and enjoy exploring pondicherry on two wheels!<\/p>\n<h4>Request Call Back<\/h4>\n<div class=\"wpforms-container \" id=\"wpforms-5\"><form id=\"wpforms-form-5\" class=\"wpforms-validate wpforms-form\" data-formid=\"5\" method=\"post\" enctype=\"multipart\/form-data\" action=\"\/index.php\/wp-json\/wp\/v2\/pages\/355\" data-token=\"4ed193007b72e729a7e17e4ac823d85c\"><noscript class=\"wpforms-error-noscript\">Please enable JavaScript in your browser to complete this form.<\/noscript><div class=\"wpforms-field-container\"><div id=\"wpforms-5-field_0-container\" class=\"wpforms-field wpforms-field-name\" data-field-id=\"0\"><label class=\"wpforms-field-label wpforms-label-hide\" for=\"wpforms-5-field_0\">Name <span class=\"wpforms-required-label\">*<\/span><\/label><input type=\"text\" id=\"wpforms-5-field_0\" class=\"wpforms-field-large wpforms-field-required\" name=\"wpforms[fields][0]\" placeholder=\"Name\" required><\/div><div id=\"wpforms-5-field_1-container\" class=\"wpforms-field wpforms-field-email\" data-field-id=\"1\"><label class=\"wpforms-field-label wpforms-label-hide\" for=\"wpforms-5-field_1\">Email <span class=\"wpforms-required-label\">*<\/span><\/label><input type=\"email\" id=\"wpforms-5-field_1\" class=\"wpforms-field-large wpforms-field-required\" name=\"wpforms[fields][1]\" placeholder=\"Email\" required><\/div><div id=\"wpforms-5-field_3-container\" class=\"wpforms-field wpforms-field-number\" data-field-id=\"3\"><label class=\"wpforms-field-label wpforms-label-hide\" for=\"wpforms-5-field_3\">Contact Number <span class=\"wpforms-required-label\">*<\/span><\/label><input type=\"number\" pattern=\"\\d*\" id=\"wpforms-5-field_3\" class=\"wpforms-field-large wpforms-field-required\" name=\"wpforms[fields][3]\" placeholder=\"Contact Number\" required><\/div><div id=\"wpforms-5-field_2-container\" class=\"wpforms-field wpforms-field-textarea\" data-field-id=\"2\"><label class=\"wpforms-field-label wpforms-label-hide\" for=\"wpforms-5-field_2\">Your Message <span class=\"wpforms-required-label\">*<\/span><\/label><textarea id=\"wpforms-5-field_2\" class=\"wpforms-field-medium wpforms-field-required\" name=\"wpforms[fields][2]\" placeholder=\"Your Message\" required><\/textarea><\/div><\/div><div class=\"wpforms-field wpforms-field-hp\"><label for=\"wpforms-5-field-hp\" class=\"wpforms-field-label\">Phone<\/label><input type=\"text\" name=\"wpforms[hp]\" id=\"wpforms-5-field-hp\" class=\"wpforms-field-medium\"><\/div><div class=\"wpforms-submit-container\"><input type=\"hidden\" name=\"wpforms[id]\" value=\"5\"><input type=\"hidden\" name=\"wpforms[author]\" value=\"1\"><button type=\"submit\" name=\"wpforms[submit]\" id=\"wpforms-submit-5\" class=\"wpforms-submit\" data-alt-text=\"Sending...\" data-submit-text=\"Send Request\" aria-live=\"assertive\" value=\"wpforms-submit\">Send Request<\/button><\/div><\/form><\/div>  <!-- .wpforms-container -->\n<h2>Why Choose Us<\/h2>\n<p>We Provide High Quality bikes and Scooters to rent in pondicherry , we provide Best Brands motor bike with primium condition.<\/p>\n<p>Need a little more room? Extra storage space? No matter what you\u2019re looking for, we\u2019ve got a great selection of all the latest and greatest brands and models for rent. Browse below to book a vehicle today!<\/p>\n<h2>Our Customer Say <\/h2>\n<p>Most trusted and affordable bike rental service company in pondicherry.<\/p>\n<p>\t\t\t\t\t\t\t\t\t\t\t\t\t\t\t<img decoding=\"async\" width=\"1536\" height=\"624\" src=\"http:\/\/pybikerental.com\/wp-content\/uploads\/2022\/12\/Untitled-1920-\u00d7-680-px-1920-\u00d7-780-px-1536x624.png\" alt=\"\" loading=\"lazy\" srcset=\"https:\/\/pybikerental.com\/wp-content\/uploads\/2022\/12\/Untitled-1920-\u00d7-680-px-1920-\u00d7-780-px-1536x624.png 1536w, https:\/\/pybikerental.com\/wp-content\/uploads\/2022\/12\/Untitled-1920-\u00d7-680-px-1920-\u00d7-780-px-300x122.png 300w, https:\/\/pybikerental.com\/wp-content\/uploads\/2022\/12\/Untitled-1920-\u00d7-680-px-1920-\u00d7-780-px-1024x416.png 1024w, https:\/\/pybikerental.com\/wp-content\/uploads\/2022\/12\/Untitled-1920-\u00d7-680-px-1920-\u00d7-780-px-768x312.png 768w, https:\/\/pybikerental.com\/wp-content\/uploads\/2022\/12\/Untitled-1920-\u00d7-680-px-1920-\u00d7-780-px.png 1920w\" sizes=\"(max-width: 1536px) 100vw, 1536px\" \/><br \/>\n\t\t\t<a href=\"https:\/\/www.google.com\/maps\/place\/PY+Two+Wheeler+Rent\/@11.9316545,79.8087913,17z\/data=!4m10!1m2!2m1!1sPY+Two+Wheeler+Rent!3m6!1s0x3a536152ab9fee69:0xb66fcea95a6bbd44!8m2!3d11.9316545!4d79.8129112!15sChNQWSBUd28gV2hlZWxlciBSZW50kgEYbW90b3JjeWNsZV9yZW50YWxfYWdlbmN54AEA!16s%2Fg%2F11h4b8m9gn?hl=en&#038;authuser=0\" role=\"button\"><br \/>\n\t\t\t\t\t\tRead the full reviews in google map<br \/>\n\t\t\t\t\t<\/a><\/p>\n<h6>Call<\/h6>\n<h2>098945 55131<\/h2>\n<h6>BOOK YOUR RENTAL BIKE TODAY<\/h6>\n<p>\t\t\t<a href=\"tel:09894555131\" role=\"button\"><br \/>\n\t\t\t\t\t\tCall Now<br \/>\n\t\t\t\t\t<\/a><\/p>\n<p><b>Bike rentals in Pondicherry<\/b><\/p>\n<p>The union territory of Puducherry, formerly known as Pondicherry is one of the most exquisite coastal cities in India. The history of this romantic city goes back to many centuries ago where you can find a mix of French-dominant architecture from the colonial period which can be appreciated when taking strolls by the Bay of Bengal. Alamy Travel recommends travel tours around Puducherry India via PY bike rentals company since they are inexpensive and convenient with places offering choices between leisurely rides or spinning through traffic while seeing all the popular attractions on your way to get off your feet and head over to the next sightseeing venue.<\/p>\n<p><b>Your most trusted partner for bike rentals in Pondicherry.<\/b><\/p>\n<p>The best way to get around Pondicherry is by scooter. Rickshaws can become tiring and inconvenient but traveling by two-wheeler allows you to discover the city at your own pace, stopping whenever you feel like it. Since many of the city&#8217;s main attractions are spread out, you will waste less time traveling between those spots! If you want to take full advantage of your trip, remember that scooter rent in Pondicherry is available to all travelers!<\/p>\n<p>\u00a0<\/p>\n<p>Bike Rental in Pondicherry is the best way to experience the amazing landscapes of the Bay of Bengal with its gorgeous views, tropical weather and the French colonial architecture which makes Pondicherry unique. \u00a0As you can imagine, exploring Pondicherry on your own on foot would be quite difficult with such a wide area to cover. By travelling by bus or rickshaw, one might miss certain key areas as well. Why not explore it all more freely on rent in Pondicherry?<\/p>\n<p><b>Choose PY bike rentals for the best bike hire in Pondicherry<\/b><\/p>\n<p>Pondicherry&#8217;s transportation system is incredibly efficient and modern, making it easy for any tourist who may not be familiar with this exciting city to navigate and enjoy themselves here at PY bike rentals. As a reliable bike rental service in Pondicherry, we have many qualities that make us the first choice for tourists looking to rent a scooter or motorbike during their stay here.<\/p>\n<p>\u00a0<\/p>\n<p>The roads are smooth without too many bumps, so you won&#8217;t get sore or get fatigue as quickly while riding around and seeing everything there is to see in Pondicherry on two wheels! Hiring a motorbike or scooter also allows you to discover new areas of the city that might otherwise be inaccessible due to traffic. Whether you&#8217;re in need of motorbike rentals Pondicherry or moped rentals Pondicherry, PY bike rentals has you covered!<\/p>\n<p>\u00a0<\/p>\n<p>We have plenty of bike rental scooters and motorbikes in Pondicherry to keep you on the go. Our Honda Activa scooter rentals are great for short trips inside city limits, where as our Enfield Bullet motorcycle rentals will let you explore farther afield. We also offer an extensive range of other two-wheeler types, all long term bike hire costs are affordable and convenient to use. PY bike rentals assures that customers experience complete transparency throughout the trip planning process.<\/p>\n","protected":false},"excerpt":{"rendered":"<p>bettiltbettiltbettilt giri\u015fpinuppincopincobahsegelbahsegel giri\u015fparibahis giri\u015fparibahiscasinomhubrokubetslotbeypincocasino siteleribahis siteleri Welcome to Pondicherry Bike Rental Company. We Provide Affordable Two Wheeler Rental In Pondicherry. We Are Specialized In Scooter Rental In Pondicherry Call now book your bike Make An Appointment We are one of the best bike rental company in pondicherry, we offers a different selection of bikes to &hellip;<\/p>\n<p class=\"read-more\"> <a class=\"\" href=\"https:\/\/pybikerental.com\/\"> <span class=\"screen-reader-text\">Bike rental in pondicherry<\/span> Read More &raquo;<\/a><\/p>\n","protected":false},"author":1,"featured_media":0,"parent":0,"menu_order":0,"comment_status":"closed","ping_status":"closed","template":"","meta":{"om_disable_all_campaigns":false,"site-sidebar-layout":"no-sidebar","site-content-layout":"page-builder","ast-global-header-display":"","ast-main-header-display":"","ast-hfb-above-header-display":"","ast-hfb-below-header-display":"","ast-hfb-mobile-header-display":"","site-post-title":"disabled","ast-breadcrumbs-content":"","ast-featured-img":"disabled","footer-sml-layout":"","theme-transparent-header-meta":"enabled","adv-header-id-meta":"","stick-header-meta":"","header-above-stick-meta":"","header-main-stick-meta":"","header-below-stick-meta":"","footnotes":""},"class_list":["post-355","page","type-page","status-publish","hentry"],"aioseo_notices":[],"_links":{"self":[{"href":"https:\/\/pybikerental.com\/index.php\/wp-json\/wp\/v2\/pages\/355"}],"collection":[{"href":"https:\/\/pybikerental.com\/index.php\/wp-json\/wp\/v2\/pages"}],"about":[{"href":"https:\/\/pybikerental.com\/index.php\/wp-json\/wp\/v2\/types\/page"}],"author":[{"embeddable":true,"href":"https:\/\/pybikerental.com\/index.php\/wp-json\/wp\/v2\/users\/1"}],"replies":[{"embeddable":true,"href":"https:\/\/pybikerental.com\/index.php\/wp-json\/wp\/v2\/comments?post=355"}],"version-history":[{"count":26,"href":"https:\/\/pybikerental.com\/index.php\/wp-json\/wp\/v2\/pages\/355\/revisions"}],"predecessor-version":[{"id":9090,"href":"https:\/\/pybikerental.com\/index.php\/wp-json\/wp\/v2\/pages\/355\/revisions\/9090"}],"wp:attachment":[{"href":"https:\/\/pybikerental.com\/index.php\/wp-json\/wp\/v2\/media?parent=355"}],"curies":[{"name":"wp","href":"https:\/\/api.w.org\/{rel}","templated":true}]}}